{"id":6802,"date":"2022-08-17T08:36:00","date_gmt":"2022-08-17T12:36:00","guid":{"rendered":"https:\/\/angerink.com\/f-a-q\/"},"modified":"2026-01-24T17:16:43","modified_gmt":"2026-01-24T22:16:43","slug":"f-a-q","status":"publish","type":"page","link":"https:\/\/angerink.com\/en\/f-a-q\/","title":{"rendered":"F.A.Q"},"content":{"rendered":"\t\t<div data-elementor-type=\"wp-page\" data-elementor-id=\"6802\" class=\"elementor elementor-6802\">\n\t\t\t\t\t\t<section class=\"elementor-section elementor-top-section elementor-element elementor-element-6968585 elementor-section-full_width qodef-elementor-content-grid elementor-section-height-default elementor-section-height-default\" data-id=\"6968585\" data-element_type=\"section\" data-settings=\"{&quot;background_background&quot;:&quot;classic&quot;}\">\n\t\t\t\t\t\t<div class=\"elementor-container elementor-column-gap-default\">\n\t\t\t\t\t<div class=\"elementor-column elementor-col-100 elementor-top-column elementor-element elementor-element-2523ba1\" data-id=\"2523ba1\" data-element_type=\"column\">\n\t\t\t<div class=\"elementor-widget-wrap elementor-element-populated\">\n\t\t\t\t\t\t<section class=\"elementor-section elementor-inner-section elementor-element elementor-element-8647b96 elementor-section-full_width elementor-section-height-default elementor-section-height-default qodef-elementor-content-no\" data-id=\"8647b96\" data-element_type=\"section\">\n\t\t\t\t\t\t<div class=\"elementor-container elementor-column-gap-default\">\n\t\t\t\t\t<div class=\"elementor-column elementor-col-100 elementor-inner-column elementor-element elementor-element-3261e5e\" data-id=\"3261e5e\" data-element_type=\"column\">\n\t\t\t<div class=\"elementor-widget-wrap elementor-element-populated\">\n\t\t\t\t\t\t<div class=\"elementor-element elementor-element-7ed0edb elementor-widget elementor-widget-shoshin_core_section_title\" data-id=\"7ed0edb\" data-element_type=\"widget\" data-widget_type=\"shoshin_core_section_title.default\">\n\t\t\t\t<div class=\"elementor-widget-container\">\n\t\t\t\t\t<div class=\"qodef-shortcode qodef-m  qodef-section-title qodef-alignment--center \">\r\n    \r\n\t<h2 class=\"qodef-m-title\" style=\"color: #FFFFFF\">\r\n\t\t\t\t\tFrequently Asked             <span class=\"qodef-last\">\r\n                Questions                            <\/span>\r\n\t\t\t<\/h2>\r\n\r\n\r\n\t<\/div>\r\n\t\t\t\t<\/div>\n\t\t\t\t<\/div>\n\t\t\t\t\t<\/div>\n\t\t<\/div>\n\t\t\t\t\t<\/div>\n\t\t<\/section>\n\t\t\t\t\t<\/div>\n\t\t<\/div>\n\t\t\t\t\t<\/div>\n\t\t<\/section>\n\t\t\t\t<section class=\"elementor-section elementor-top-section elementor-element elementor-element-d9a1201 elementor-section-boxed elementor-section-height-default elementor-section-height-default qodef-elementor-content-no\" data-id=\"d9a1201\" data-element_type=\"section\">\n\t\t\t\t\t\t<div class=\"elementor-container elementor-column-gap-default\">\n\t\t\t\t\t<div class=\"elementor-column elementor-col-16 elementor-top-column elementor-element elementor-element-139297d\" data-id=\"139297d\" data-element_type=\"column\">\n\t\t\t<div class=\"elementor-widget-wrap\">\n\t\t\t\t\t\t\t<\/div>\n\t\t<\/div>\n\t\t\t\t<div class=\"elementor-column elementor-col-66 elementor-top-column elementor-element elementor-element-d797d39\" data-id=\"d797d39\" data-element_type=\"column\">\n\t\t\t<div class=\"elementor-widget-wrap elementor-element-populated\">\n\t\t\t\t\t\t<div class=\"elementor-element elementor-element-f5f3ec7 elementor-widget elementor-widget-shoshin_core_accordion\" data-id=\"f5f3ec7\" data-element_type=\"widget\" data-widget_type=\"shoshin_core_accordion.default\">\n\t\t\t\t<div class=\"elementor-widget-container\">\n\t\t\t\t\t<div class=\"qodef-shortcode qodef-m  qodef-accordion clear qodef-behavior--accordion qodef-layout--simple\">\r\n\t<h5 class=\"qodef-accordion-title\">\r\n\t<span class=\"qodef-tab-title\">What is the price of a tattoo?<\/span>\r\n\t<span class=\"qodef-accordion-mark\">\r\n\t\t<span class=\"qodef-icon--plus\"><span class=\"qodef-icon-ionicons ion-ios-arrow-down\" ><\/span><\/span>\r\n\t\t<span class=\"qodef-icon--minus\"><span class=\"qodef-icon-ionicons ion-ios-arrow-up\" ><\/span><\/span>\r\n\t<\/span>\r\n<\/h5>\r\n<div class=\"qodef-accordion-content\">\r\n\t<div class=\"qodef-accordion-content-inner\">\r\n\t\t<p>It depends on what you want to get tattooed. Some designs take longer to complete than others, which is why we offer a consultation!<\/p>\t<\/div>\r\n<\/div>\r\n<h5 class=\"qodef-accordion-title\">\r\n\t<span class=\"qodef-tab-title\">What should I use after getting a tattoo?<\/span>\r\n\t<span class=\"qodef-accordion-mark\">\r\n\t\t<span class=\"qodef-icon--plus\"><span class=\"qodef-icon-ionicons ion-ios-arrow-down\" ><\/span><\/span>\r\n\t\t<span class=\"qodef-icon--minus\"><span class=\"qodef-icon-ionicons ion-ios-arrow-up\" ><\/span><\/span>\r\n\t<\/span>\r\n<\/h5>\r\n<div class=\"qodef-accordion-content\">\r\n\t<div class=\"qodef-accordion-content-inner\">\r\n\t\t\u25cf Penaten cream (tube, non-medicated)\n\u25cf Plastic wrap\n\u25cf Surgical tape\n\u25cf Unscented soap\n\u25cf Paper towels\t<\/div>\r\n<\/div>\r\n<h5 class=\"qodef-accordion-title\">\r\n\t<span class=\"qodef-tab-title\">What tattoo styles can you create?<\/span>\r\n\t<span class=\"qodef-accordion-mark\">\r\n\t\t<span class=\"qodef-icon--plus\"><span class=\"qodef-icon-ionicons ion-ios-arrow-down\" ><\/span><\/span>\r\n\t\t<span class=\"qodef-icon--minus\"><span class=\"qodef-icon-ionicons ion-ios-arrow-up\" ><\/span><\/span>\r\n\t<\/span>\r\n<\/h5>\r\n<div class=\"qodef-accordion-content\">\r\n\t<div class=\"qodef-accordion-content-inner\">\r\n\t\t<p>We can create many tattoo styles, and our artists each have their own specialties! You can check out our tattoo services in Montreal to learn more!<\/p>\t<\/div>\r\n<\/div>\r\n<h5 class=\"qodef-accordion-title\">\r\n\t<span class=\"qodef-tab-title\">Can I wash my tattoo?<\/span>\r\n\t<span class=\"qodef-accordion-mark\">\r\n\t\t<span class=\"qodef-icon--plus\"><span class=\"qodef-icon-ionicons ion-ios-arrow-down\" ><\/span><\/span>\r\n\t\t<span class=\"qodef-icon--minus\"><span class=\"qodef-icon-ionicons ion-ios-arrow-up\" ><\/span><\/span>\r\n\t<\/span>\r\n<\/h5>\r\n<div class=\"qodef-accordion-content\">\r\n\t<div class=\"qodef-accordion-content-inner\">\r\n\t\t<p>Yes, it's even important to clean it gently with water and unscented soap. You can check out our aftercare page for more information!<\/p>\t<\/div>\r\n<\/div>\r\n<h5 class=\"qodef-accordion-title\">\r\n\t<span class=\"qodef-tab-title\">Do you agree to get a tattoo without an appointment?<\/span>\r\n\t<span class=\"qodef-accordion-mark\">\r\n\t\t<span class=\"qodef-icon--plus\"><span class=\"qodef-icon-ionicons ion-ios-arrow-down\" ><\/span><\/span>\r\n\t\t<span class=\"qodef-icon--minus\"><span class=\"qodef-icon-ionicons ion-ios-arrow-up\" ><\/span><\/span>\r\n\t<\/span>\r\n<\/h5>\r\n<div class=\"qodef-accordion-content\">\r\n\t<div class=\"qodef-accordion-content-inner\">\r\n\t\t<p>We can do it, but it depends on your project! Check out our walk-in tattoo page in Montreal to learn more!<\/p>\t<\/div>\r\n<\/div>\r\n<h5 class=\"qodef-accordion-title\">\r\n\t<span class=\"qodef-tab-title\">What payment methods do you accept?<\/span>\r\n\t<span class=\"qodef-accordion-mark\">\r\n\t\t<span class=\"qodef-icon--plus\"><span class=\"qodef-icon-ionicons ion-ios-arrow-down\" ><\/span><\/span>\r\n\t\t<span class=\"qodef-icon--minus\"><span class=\"qodef-icon-ionicons ion-ios-arrow-up\" ><\/span><\/span>\r\n\t<\/span>\r\n<\/h5>\r\n<div class=\"qodef-accordion-content\">\r\n\t<div class=\"qodef-accordion-content-inner\">\r\n\t\t<p>We accept cash, debit and credit.<\/p>\t<\/div>\r\n<\/div>\r\n<h5 class=\"qodef-accordion-title\">\r\n\t<span class=\"qodef-tab-title\">Do I need to make a deposit?<\/span>\r\n\t<span class=\"qodef-accordion-mark\">\r\n\t\t<span class=\"qodef-icon--plus\"><span class=\"qodef-icon-ionicons ion-ios-arrow-down\" ><\/span><\/span>\r\n\t\t<span class=\"qodef-icon--minus\"><span class=\"qodef-icon-ionicons ion-ios-arrow-up\" ><\/span><\/span>\r\n\t<\/span>\r\n<\/h5>\r\n<div class=\"qodef-accordion-content\">\r\n\t<div class=\"qodef-accordion-content-inner\">\r\n\t\t<p>Yes. In order to protect our artists, who rely on bookings to make a living, all bookings require a non-refundable deposit.<\/p><p>Pour les r\u00e9servations effectu\u00e9es par t\u00e9l\u00e9phone, un email de demande d'argent vous sera envoy\u00e9. Votre r\u00e9servation sera confirm\u00e9e une fois le paiement re\u00e7u. Les d\u00e9p\u00f4ts sont d\u00e9finitifs et non remboursables, ils seront donc perdus si le rendez-vous est annul\u00e9. En cas de changement de date de rendez-vous anticip\u00e9 (plus de 72 heures avant la date), l'acompte sera report\u00e9 sur la nouvelle date.<\/p><p>Les d\u00e9p\u00f4ts se situent entre 50$ et 200$ selon la taille et la dur\u00e9e du projet.<\/p>\t<\/div>\r\n<\/div>\r\n<\/div>\r\n\t\t\t\t<\/div>\n\t\t\t\t<\/div>\n\t\t\t\t\t<\/div>\n\t\t<\/div>\n\t\t\t\t<div class=\"elementor-column elementor-col-16 elementor-top-column elementor-element elementor-element-ddb7d70\" data-id=\"ddb7d70\" data-element_type=\"column\">\n\t\t\t<div class=\"elementor-widget-wrap\">\n\t\t\t\t\t\t\t<\/div>\n\t\t<\/div>\n\t\t\t\t\t<\/div>\n\t\t<\/section>\n\t\t\t\t<section class=\"elementor-section elementor-top-section elementor-element elementor-element-0a4e22d elementor-section-full_width qodef-elementor-content-grid elementor-section-height-default elementor-section-height-default\" data-id=\"0a4e22d\" data-element_type=\"section\">\n\t\t\t\t\t\t<div class=\"elementor-container elementor-column-gap-custom\">\n\t\t\t\t\t<div class=\"elementor-column elementor-col-33 elementor-top-column elementor-element elementor-element-d02719c elementor-hidden-mobile\" data-id=\"d02719c\" data-element_type=\"column\">\n\t\t\t<div class=\"elementor-widget-wrap\">\n\t\t\t\t\t\t\t<\/div>\n\t\t<\/div>\n\t\t\t\t<div class=\"elementor-column elementor-col-33 elementor-top-column elementor-element elementor-element-3e27fb8\" data-id=\"3e27fb8\" data-element_type=\"column\">\n\t\t\t<div class=\"elementor-widget-wrap elementor-element-populated\">\n\t\t\t\t\t\t<div class=\"elementor-element elementor-element-0e2037e elementor-widget elementor-widget-image\" data-id=\"0e2037e\" data-element_type=\"widget\" data-widget_type=\"image.default\">\n\t\t\t\t<div class=\"elementor-widget-container\">\n\t\t\t\t\t\t\t\t\t\t\t\t\t\t\t\t<a href=\"https:\/\/www.google.com\/search?q=angerink\" target=\"_blank\">\n\t\t\t\t\t\t\t<img fetchpriority=\"high\" decoding=\"async\" width=\"600\" height=\"185\" src=\"https:\/\/angerink.com\/wp-content\/uploads\/2024\/04\/03-CONTACT-BAR.jpg\" class=\"attachment-full size-full wp-image-6398\" alt=\"\" srcset=\"https:\/\/angerink.com\/wp-content\/uploads\/2024\/04\/03-CONTACT-BAR.jpg 600w, https:\/\/angerink.com\/wp-content\/uploads\/2024\/04\/03-CONTACT-BAR-300x93.jpg 300w\" sizes=\"(max-width: 600px) 100vw, 600px\" \/>\t\t\t\t\t\t\t\t<\/a>\n\t\t\t\t\t\t\t\t\t\t\t\t\t\t\t<\/div>\n\t\t\t\t<\/div>\n\t\t\t\t<div class=\"elementor-element elementor-element-1480000 elementor-widget elementor-widget-image\" data-id=\"1480000\" data-element_type=\"widget\" data-widget_type=\"image.default\">\n\t\t\t\t<div class=\"elementor-widget-container\">\n\t\t\t\t\t\t\t\t\t\t\t\t\t\t\t\t<a href=\"tel:+15149035838\">\n\t\t\t\t\t\t\t<img decoding=\"async\" width=\"600\" height=\"84\" src=\"https:\/\/angerink.com\/wp-content\/uploads\/2022\/08\/03-CONTACT-BAR-3.jpg\" class=\"attachment-full size-full wp-image-6139\" alt=\"\" srcset=\"https:\/\/angerink.com\/wp-content\/uploads\/2022\/08\/03-CONTACT-BAR-3.jpg 600w, https:\/\/angerink.com\/wp-content\/uploads\/2022\/08\/03-CONTACT-BAR-3-300x42.jpg 300w\" sizes=\"(max-width: 600px) 100vw, 600px\" \/>\t\t\t\t\t\t\t\t<\/a>\n\t\t\t\t\t\t\t\t\t\t\t\t\t\t\t<\/div>\n\t\t\t\t<\/div>\n\t\t\t\t<div class=\"elementor-element elementor-element-f607878 elementor-widget elementor-widget-image\" data-id=\"f607878\" data-element_type=\"widget\" data-widget_type=\"image.default\">\n\t\t\t\t<div class=\"elementor-widget-container\">\n\t\t\t\t\t\t\t\t\t\t\t\t\t\t\t\t<a href=\"mailto:info@angerink.com\">\n\t\t\t\t\t\t\t<img decoding=\"async\" width=\"600\" height=\"73\" src=\"https:\/\/angerink.com\/wp-content\/uploads\/2022\/08\/03-CONTACT-BAR-2-1.jpg\" class=\"attachment-full size-full wp-image-6138\" alt=\"\" srcset=\"https:\/\/angerink.com\/wp-content\/uploads\/2022\/08\/03-CONTACT-BAR-2-1.jpg 600w, https:\/\/angerink.com\/wp-content\/uploads\/2022\/08\/03-CONTACT-BAR-2-1-300x37.jpg 300w\" sizes=\"(max-width: 600px) 100vw, 600px\" \/>\t\t\t\t\t\t\t\t<\/a>\n\t\t\t\t\t\t\t\t\t\t\t\t\t\t\t<\/div>\n\t\t\t\t<\/div>\n\t\t\t\t<div class=\"elementor-element elementor-element-e201753 elementor-shape-circle elementor-grid-0 e-grid-align-center elementor-widget elementor-widget-social-icons\" data-id=\"e201753\" data-element_type=\"widget\" data-widget_type=\"social-icons.default\">\n\t\t\t\t<div class=\"elementor-widget-container\">\n\t\t\t\t\t\t\t<div class=\"elementor-social-icons-wrapper elementor-grid\" role=\"list\">\n\t\t\t\t\t\t\t<span class=\"elementor-grid-item\" role=\"listitem\">\n\t\t\t\t\t<a class=\"elementor-icon elementor-social-icon elementor-social-icon-facebook elementor-repeater-item-a32d07d\" href=\"https:\/\/www.facebook.com\/angerinktattoo\" target=\"_blank\">\n\t\t\t\t\t\t<span class=\"elementor-screen-only\">Facebook<\/span>\n\t\t\t\t\t\t<i aria-hidden=\"true\" class=\"fab fa-facebook\"><\/i>\t\t\t\t\t<\/a>\n\t\t\t\t<\/span>\n\t\t\t\t\t\t\t<span class=\"elementor-grid-item\" role=\"listitem\">\n\t\t\t\t\t<a class=\"elementor-icon elementor-social-icon elementor-social-icon-instagram elementor-repeater-item-210e5db\" href=\"https:\/\/www.instagram.com\/angerinktattoo\/\" target=\"_blank\">\n\t\t\t\t\t\t<span class=\"elementor-screen-only\">Instagram<\/span>\n\t\t\t\t\t\t<i aria-hidden=\"true\" class=\"fab fa-instagram\"><\/i>\t\t\t\t\t<\/a>\n\t\t\t\t<\/span>\n\t\t\t\t\t\t\t<span class=\"elementor-grid-item\" role=\"listitem\">\n\t\t\t\t\t<a class=\"elementor-icon elementor-social-icon elementor-social-icon-tiktok elementor-repeater-item-563affe\" href=\"https:\/\/www.tiktok.com\/@angerinktattoo\" target=\"_blank\">\n\t\t\t\t\t\t<span class=\"elementor-screen-only\">Tiktok<\/span>\n\t\t\t\t\t\t<i aria-hidden=\"true\" class=\"fab fa-tiktok\"><\/i>\t\t\t\t\t<\/a>\n\t\t\t\t<\/span>\n\t\t\t\t\t<\/div>\n\t\t\t\t\t\t<\/div>\n\t\t\t\t<\/div>\n\t\t\t\t\t<\/div>\n\t\t<\/div>\n\t\t\t\t<div class=\"elementor-column elementor-col-33 elementor-top-column elementor-element elementor-element-31d4a78 elementor-hidden-mobile\" data-id=\"31d4a78\" data-element_type=\"column\">\n\t\t\t<div class=\"elementor-widget-wrap\">\n\t\t\t\t\t\t\t<\/div>\n\t\t<\/div>\n\t\t\t\t\t<\/div>\n\t\t<\/section>\n\t\t\t\t<\/div>\n\t\t","protected":false},"excerpt":{"rendered":"<p>Frequently Asked Questions What is the price of a tattoo? It depends on what you want to get tattooed. Some designs take longer to complete than others, which is why we offer a consultation! What should I use after getting a tattoo? \u25cf Penaten cream (tube, non-medicated) \u25cf Plastic wrap \u25cf Surgical tape \u25cf Unscented [&hellip;]<\/p>\n","protected":false},"author":1,"featured_media":6979,"parent":0,"menu_order":0,"comment_status":"closed","ping_status":"closed","template":"page-full-width.php","meta":{"footnotes":"","_links_to":"","_links_to_target":""},"class_list":["post-6802","page","type-page","status-publish","has-post-thumbnail","hentry"],"yoast_head":"<!-- This site is optimized with the Yoast SEO Premium plugin v26.8 (Yoast SEO v26.8) - https:\/\/yoast.com\/product\/yoast-seo-premium-wordpress\/ -->\n<title>F.A.Q - Anger Ink \u2022 Tattoo Studio in Montreal<\/title>\n<meta name=\"description\" content=\"Do you have questions about your next tattoo? We can help! Here&#039;s our FAQ with the most frequently asked questions.\" \/>\n<meta name=\"robots\" content=\"index, follow, max-snippet:-1, max-image-preview:large, max-video-preview:-1\" \/>\n<link rel=\"canonical\" href=\"https:\/\/angerink.com\/en\/f-a-q\/\" \/>\n<meta property=\"og:locale\" content=\"en_US\" \/>\n<meta property=\"og:type\" content=\"article\" \/>\n<meta property=\"og:title\" content=\"F.A.Q - Anger Ink \u2022 Tattoo Studio in Montreal\" \/>\n<meta property=\"og:description\" content=\"Do you have questions about your next tattoo? We can help! Here&#039;s our FAQ with the most frequently asked questions.\" \/>\n<meta property=\"og:url\" content=\"https:\/\/angerink.com\/en\/f-a-q\/\" \/>\n<meta property=\"og:site_name\" content=\"Anger Ink \u2022 Tatouages &amp; Per\u00e7ages\" \/>\n<meta property=\"article:publisher\" content=\"https:\/\/www.facebook.com\/angerinktattoo\" \/>\n<meta property=\"article:modified_time\" content=\"2026-01-24T22:16:43+00:00\" \/>\n<meta property=\"og:image\" content=\"https:\/\/angerink.com\/wp-content\/uploads\/2026\/01\/Angerink-WebThum.jpg\" \/>\n\t<meta property=\"og:image:width\" content=\"1920\" \/>\n\t<meta property=\"og:image:height\" content=\"1080\" \/>\n\t<meta property=\"og:image:type\" content=\"image\/jpeg\" \/>\n<meta name=\"twitter:card\" content=\"summary_large_image\" \/>\n<meta name=\"twitter:title\" content=\"F.A.Q\" \/>\n<meta name=\"twitter:label1\" content=\"Est. reading time\" \/>\n\t<meta name=\"twitter:data1\" content=\"3 minutes\" \/>\n<script type=\"application\/ld+json\" class=\"yoast-schema-graph\">{\"@context\":\"https:\/\/schema.org\",\"@graph\":[{\"@type\":\"WebPage\",\"@id\":\"https:\/\/angerink.com\/en\/f-a-q\/\",\"url\":\"https:\/\/angerink.com\/en\/f-a-q\/\",\"name\":\"F.A.Q - Anger Ink \u2022 Tattoo Studio in Montreal\",\"isPartOf\":{\"@id\":\"https:\/\/angerink.com\/en\/#website\"},\"primaryImageOfPage\":{\"@id\":\"https:\/\/angerink.com\/en\/f-a-q\/#primaryimage\"},\"image\":{\"@id\":\"https:\/\/angerink.com\/en\/f-a-q\/#primaryimage\"},\"thumbnailUrl\":\"https:\/\/angerink.com\/wp-content\/uploads\/2026\/01\/Angerink-WebThum-1.jpg\",\"datePublished\":\"2022-08-17T12:36:00+00:00\",\"dateModified\":\"2026-01-24T22:16:43+00:00\",\"description\":\"Do you have questions about your next tattoo? We can help! Here's our FAQ with the most frequently asked questions.\",\"breadcrumb\":{\"@id\":\"https:\/\/angerink.com\/en\/f-a-q\/#breadcrumb\"},\"inLanguage\":\"en-US\",\"potentialAction\":[{\"@type\":\"ReadAction\",\"target\":[\"https:\/\/angerink.com\/en\/f-a-q\/\"]}]},{\"@type\":\"ImageObject\",\"inLanguage\":\"en-US\",\"@id\":\"https:\/\/angerink.com\/en\/f-a-q\/#primaryimage\",\"url\":\"https:\/\/angerink.com\/wp-content\/uploads\/2026\/01\/Angerink-WebThum-1.jpg\",\"contentUrl\":\"https:\/\/angerink.com\/wp-content\/uploads\/2026\/01\/Angerink-WebThum-1.jpg\",\"width\":1920,\"height\":1080},{\"@type\":\"BreadcrumbList\",\"@id\":\"https:\/\/angerink.com\/en\/f-a-q\/#breadcrumb\",\"itemListElement\":[{\"@type\":\"ListItem\",\"position\":1,\"name\":\"Home\",\"item\":\"https:\/\/angerink.com\/en\/\"},{\"@type\":\"ListItem\",\"position\":2,\"name\":\"F.A.Q\"}]},{\"@type\":\"WebSite\",\"@id\":\"https:\/\/angerink.com\/en\/#website\",\"url\":\"https:\/\/angerink.com\/en\/\",\"name\":\"Anger Ink \u2022 Tatouages &amp; Per\u00e7ages\",\"description\":\"\",\"publisher\":{\"@id\":\"https:\/\/angerink.com\/en\/#organization\"},\"potentialAction\":[{\"@type\":\"SearchAction\",\"target\":{\"@type\":\"EntryPoint\",\"urlTemplate\":\"https:\/\/angerink.com\/en\/?s={search_term_string}\"},\"query-input\":{\"@type\":\"PropertyValueSpecification\",\"valueRequired\":true,\"valueName\":\"search_term_string\"}}],\"inLanguage\":\"en-US\"},{\"@type\":\"Organization\",\"@id\":\"https:\/\/angerink.com\/en\/#organization\",\"name\":\"Anger Ink\",\"url\":\"https:\/\/angerink.com\/en\/\",\"logo\":{\"@type\":\"ImageObject\",\"inLanguage\":\"en-US\",\"@id\":\"https:\/\/angerink.com\/en\/#\/schema\/logo\/image\/\",\"url\":\"https:\/\/angerink.com\/2022\/wp-content\/uploads\/2022\/08\/Logo-Angerink-Square.jpg\",\"contentUrl\":\"https:\/\/angerink.com\/2022\/wp-content\/uploads\/2022\/08\/Logo-Angerink-Square.jpg\",\"width\":500,\"height\":500,\"caption\":\"Anger Ink\"},\"image\":{\"@id\":\"https:\/\/angerink.com\/en\/#\/schema\/logo\/image\/\"},\"sameAs\":[\"https:\/\/www.facebook.com\/angerinktattoo\",\"https:\/\/www.instagram.com\/angerinktattoo\",\"https:\/\/www.tiktok.com\/angerinktattoo\"]}]}<\/script>\n<!-- \/ Yoast SEO Premium plugin. -->","yoast_head_json":{"title":"F.A.Q - Anger Ink \u2022 Tattoo Studio in Montreal","description":"Do you have questions about your next tattoo? We can help! Here's our FAQ with the most frequently asked questions.","robots":{"index":"index","follow":"follow","max-snippet":"max-snippet:-1","max-image-preview":"max-image-preview:large","max-video-preview":"max-video-preview:-1"},"canonical":"https:\/\/angerink.com\/en\/f-a-q\/","og_locale":"en_US","og_type":"article","og_title":"F.A.Q - Anger Ink \u2022 Tattoo Studio in Montreal","og_description":"Do you have questions about your next tattoo? We can help! Here's our FAQ with the most frequently asked questions.","og_url":"https:\/\/angerink.com\/en\/f-a-q\/","og_site_name":"Anger Ink \u2022 Tatouages &amp; Per\u00e7ages","article_publisher":"https:\/\/www.facebook.com\/angerinktattoo","article_modified_time":"2026-01-24T22:16:43+00:00","og_image":[{"width":1920,"height":1080,"url":"https:\/\/angerink.com\/wp-content\/uploads\/2026\/01\/Angerink-WebThum.jpg","type":"image\/jpeg"}],"twitter_card":"summary_large_image","twitter_title":"F.A.Q","twitter_misc":{"Est. reading time":"3 minutes"},"schema":{"@context":"https:\/\/schema.org","@graph":[{"@type":"WebPage","@id":"https:\/\/angerink.com\/en\/f-a-q\/","url":"https:\/\/angerink.com\/en\/f-a-q\/","name":"F.A.Q - Anger Ink \u2022 Tattoo Studio in Montreal","isPartOf":{"@id":"https:\/\/angerink.com\/en\/#website"},"primaryImageOfPage":{"@id":"https:\/\/angerink.com\/en\/f-a-q\/#primaryimage"},"image":{"@id":"https:\/\/angerink.com\/en\/f-a-q\/#primaryimage"},"thumbnailUrl":"https:\/\/angerink.com\/wp-content\/uploads\/2026\/01\/Angerink-WebThum-1.jpg","datePublished":"2022-08-17T12:36:00+00:00","dateModified":"2026-01-24T22:16:43+00:00","description":"Do you have questions about your next tattoo? We can help! Here's our FAQ with the most frequently asked questions.","breadcrumb":{"@id":"https:\/\/angerink.com\/en\/f-a-q\/#breadcrumb"},"inLanguage":"en-US","potentialAction":[{"@type":"ReadAction","target":["https:\/\/angerink.com\/en\/f-a-q\/"]}]},{"@type":"ImageObject","inLanguage":"en-US","@id":"https:\/\/angerink.com\/en\/f-a-q\/#primaryimage","url":"https:\/\/angerink.com\/wp-content\/uploads\/2026\/01\/Angerink-WebThum-1.jpg","contentUrl":"https:\/\/angerink.com\/wp-content\/uploads\/2026\/01\/Angerink-WebThum-1.jpg","width":1920,"height":1080},{"@type":"BreadcrumbList","@id":"https:\/\/angerink.com\/en\/f-a-q\/#breadcrumb","itemListElement":[{"@type":"ListItem","position":1,"name":"Home","item":"https:\/\/angerink.com\/en\/"},{"@type":"ListItem","position":2,"name":"F.A.Q"}]},{"@type":"WebSite","@id":"https:\/\/angerink.com\/en\/#website","url":"https:\/\/angerink.com\/en\/","name":"Anger Ink \u2022 Tatouages &amp; Per\u00e7ages","description":"","publisher":{"@id":"https:\/\/angerink.com\/en\/#organization"},"potentialAction":[{"@type":"SearchAction","target":{"@type":"EntryPoint","urlTemplate":"https:\/\/angerink.com\/en\/?s={search_term_string}"},"query-input":{"@type":"PropertyValueSpecification","valueRequired":true,"valueName":"search_term_string"}}],"inLanguage":"en-US"},{"@type":"Organization","@id":"https:\/\/angerink.com\/en\/#organization","name":"Anger Ink","url":"https:\/\/angerink.com\/en\/","logo":{"@type":"ImageObject","inLanguage":"en-US","@id":"https:\/\/angerink.com\/en\/#\/schema\/logo\/image\/","url":"https:\/\/angerink.com\/2022\/wp-content\/uploads\/2022\/08\/Logo-Angerink-Square.jpg","contentUrl":"https:\/\/angerink.com\/2022\/wp-content\/uploads\/2022\/08\/Logo-Angerink-Square.jpg","width":500,"height":500,"caption":"Anger Ink"},"image":{"@id":"https:\/\/angerink.com\/en\/#\/schema\/logo\/image\/"},"sameAs":["https:\/\/www.facebook.com\/angerinktattoo","https:\/\/www.instagram.com\/angerinktattoo","https:\/\/www.tiktok.com\/angerinktattoo"]}]}},"_links":{"self":[{"href":"https:\/\/angerink.com\/en\/wp-json\/wp\/v2\/pages\/6802","targetHints":{"allow":["GET"]}}],"collection":[{"href":"https:\/\/angerink.com\/en\/wp-json\/wp\/v2\/pages"}],"about":[{"href":"https:\/\/angerink.com\/en\/wp-json\/wp\/v2\/types\/page"}],"author":[{"embeddable":true,"href":"https:\/\/angerink.com\/en\/wp-json\/wp\/v2\/users\/1"}],"replies":[{"embeddable":true,"href":"https:\/\/angerink.com\/en\/wp-json\/wp\/v2\/comments?post=6802"}],"version-history":[{"count":5,"href":"https:\/\/angerink.com\/en\/wp-json\/wp\/v2\/pages\/6802\/revisions"}],"predecessor-version":[{"id":6943,"href":"https:\/\/angerink.com\/en\/wp-json\/wp\/v2\/pages\/6802\/revisions\/6943"}],"wp:featuredmedia":[{"embeddable":true,"href":"https:\/\/angerink.com\/en\/wp-json\/wp\/v2\/media\/6979"}],"wp:attachment":[{"href":"https:\/\/angerink.com\/en\/wp-json\/wp\/v2\/media?parent=6802"}],"curies":[{"name":"wp","href":"https:\/\/api.w.org\/{rel}","templated":true}]}}